{"id":15,"date":"2020-09-05T21:33:43","date_gmt":"2020-09-05T21:33:43","guid":{"rendered":"http:\/\/calgaryfirstaid.com\/?page_id=15"},"modified":"2026-03-10T17:21:49","modified_gmt":"2026-03-10T23:21:49","slug":"home-page","status":"publish","type":"page","link":"http:\/\/calgaryfirstaid.com\/","title":{"rendered":"Welcome to CalgaryFirstAid.com"},"content":{"rendered":"\n<p>Our goal is to provide first aid and safety training for our clients striving for better student performance by creating an engaged education experience since 2010.&nbsp; With training being the core our business, we also have expanded into first aid supplies sales, AED sales and servicing, first aid and medical coverage at events in the Calgary Area.<\/p>\n\n\n\n<figure class=\"wp-block-image size-thumbnail\"><img loading=\"lazy\" decoding=\"async\" width=\"150\" height=\"150\" src=\"http:\/\/calgaryfirstaid.com\/wp-content\/uploads\/2020\/09\/first-aid-certified-150x150.jpg\" alt=\"\" class=\"wp-image-124\" srcset=\"http:\/\/calgaryfirstaid.com\/wp-content\/uploads\/2020\/09\/first-aid-certified-150x150.jpg 150w, http:\/\/calgaryfirstaid.com\/wp-content\/uploads\/2020\/09\/first-aid-certified-300x300.jpg 300w, http:\/\/calgaryfirstaid.com\/wp-content\/uploads\/2020\/09\/first-aid-certified.jpg 344w\" sizes=\"(max-width: 150px) 100vw, 150px\" \/><\/figure>\n\n\n\n<h2 class=\"wp-block-heading\">UPCOMING FIRST AID TRAINING COURSES<\/h2>\n\n\n\n<ul>\n<li>Basic First Aid &#8211; Thursday, March 19, 2026 from 7:30am to 4:30pm<\/li>\n\n\n\n<li>Basic First Aid &#8211; Wednesday, April 1, 2026 from 7:30am to 4:30pm<\/li>\n\n\n\n<li>Basic First Aid &#8211; Thursday, April 16, 2026 from 7:30am to 4:30pm<\/li>\n<\/ul>\n\n\n\n<p>All courses above are held at 2816 11 Street NE, Unit 202 (Upper Level)<\/p>\n\n\n\n<p>To register for any of the above courses, please email us at info@calgaryfirstaid.com<\/p>\n\n\n\n<figure class=\"wp-block-image size-full is-resized is-style-default\"><img loading=\"lazy\" decoding=\"async\" width=\"626\" height=\"501\" src=\"http:\/\/calgaryfirstaid.com\/wp-content\/uploads\/2025\/02\/New-offer.avif\" alt=\"\" class=\"wp-image-306\" style=\"width:212px;height:auto\"\/><\/figure>\n\n\n\n<p class=\"has-x-large-font-size\"><strong>FALL PROTECTION<\/strong><\/p>\n\n\n\n<p>Fall Protection training is a mandatory requirement in legislation&nbsp;for all workers that perform work at heights. This course was designed by workers, for workers&nbsp;and meets all legislative requirements.&nbsp;<\/p>\n\n\n\n<ul>\n<li>End user course with content that is applicable to roofing industry<\/li>\n\n\n\n<li>Practical components including equipment inspection and harness fitting&nbsp;are included<\/li>\n\n\n\n<li>Handbook reference guides and certification cards are given to students upon completion<\/li>\n\n\n\n<li>3 year certification upon completion<\/li>\n\n\n\n<li>Private classes are available at our facility, your office, or on the worksite<\/li>\n<\/ul>\n\n\n\n<figure class=\"wp-block-image size-full is-resized\"><img loading=\"lazy\" decoding=\"async\" width=\"450\" height=\"448\" src=\"http:\/\/calgaryfirstaid.com\/wp-content\/uploads\/2025\/02\/fall-protection-training.jpg\" alt=\"\" class=\"wp-image-307\" style=\"width:246px;height:auto\" srcset=\"http:\/\/calgaryfirstaid.com\/wp-content\/uploads\/2025\/02\/fall-protection-training.jpg 450w, http:\/\/calgaryfirstaid.com\/wp-content\/uploads\/2025\/02\/fall-protection-training-300x300.jpg 300w, http:\/\/calgaryfirstaid.com\/wp-content\/uploads\/2025\/02\/fall-protection-training-150x150.jpg 150w\" sizes=\"(max-width: 450px) 100vw, 450px\" \/><\/figure>\n\n\n\n<h2 class=\"wp-block-heading\">UPCOMING FALL PROTECTION TRAINING COURSES<\/h2>\n\n\n\n<ul>\n<li>Thursday, March 12, 2026 from 7:30am to 4:30pm<\/li>\n\n\n\n<li>Friday, March 27, 2026 from 7:30am to 4:30pm<\/li>\n<\/ul>\n\n\n\n<p>All courses above are held at 2816 11 Street NE, Unit 202 (Upper Level)<br>Cost &#8211; $150.00 \/ per participant<\/p>\n\n\n\n<p>To register for any of the above courses, please email us at info@calgaryfirstaid.com<\/p>\n\n\n\n<figure class=\"wp-block-gallery has-nested-images columns-2 is-cropped wp-block-gallery-1 is-layout-flex wp-block-gallery-is-layout-flex\">\n<figure class=\"wp-block-image size-large\"><img loading=\"lazy\" decoding=\"async\" width=\"768\" height=\"1024\" data-id=\"29\" src=\"http:\/\/calgaryfirstaid.com\/wp-content\/uploads\/2020\/09\/2017-04-20-10.32.53-768x1024.jpg\" alt=\"\" class=\"wp-image-29\" srcset=\"http:\/\/calgaryfirstaid.com\/wp-content\/uploads\/2020\/09\/2017-04-20-10.32.53-768x1024.jpg 768w, http:\/\/calgaryfirstaid.com\/wp-content\/uploads\/2020\/09\/2017-04-20-10.32.53-225x300.jpg 225w, http:\/\/calgaryfirstaid.com\/wp-content\/uploads\/2020\/09\/2017-04-20-10.32.53-1152x1536.jpg 1152w, http:\/\/calgaryfirstaid.com\/wp-content\/uploads\/2020\/09\/2017-04-20-10.32.53-1536x2048.jpg 1536w, http:\/\/calgaryfirstaid.com\/wp-content\/uploads\/2020\/09\/2017-04-20-10.32.53-scaled.jpg 1920w\" sizes=\"(max-width: 768px) 100vw, 768px\" \/><figcaption class=\"wp-element-caption\">Training<\/figcaption><\/figure>\n\n\n\n<figure class=\"wp-block-image size-large\"><img loading=\"lazy\" decoding=\"async\" width=\"1024\" height=\"768\" data-id=\"169\" src=\"http:\/\/calgaryfirstaid.com\/wp-content\/uploads\/2020\/09\/web-8-1024x768.jpg\" alt=\"\" class=\"wp-image-169\" srcset=\"http:\/\/calgaryfirstaid.com\/wp-content\/uploads\/2020\/09\/web-8-1024x768.jpg 1024w, http:\/\/calgaryfirstaid.com\/wp-content\/uploads\/2020\/09\/web-8-300x225.jpg 300w, http:\/\/calgaryfirstaid.com\/wp-content\/uploads\/2020\/09\/web-8-768x576.jpg 768w, http:\/\/calgaryfirstaid.com\/wp-content\/uploads\/2020\/09\/web-8-1536x1152.jpg 1536w, http:\/\/calgaryfirstaid.com\/wp-content\/uploads\/2020\/09\/web-8-2048x1536.jpg 2048w\" sizes=\"(max-width: 1024px) 100vw, 1024px\" \/><figcaption class=\"wp-element-caption\">Community Outreach<\/figcaption><\/figure>\n\n\n\n<figure class=\"wp-block-image size-large\"><img loading=\"lazy\" decoding=\"async\" width=\"768\" height=\"1024\" data-id=\"46\" src=\"http:\/\/calgaryfirstaid.com\/wp-content\/uploads\/2020\/09\/2017-12-01-14.51.53-768x1024.jpg\" alt=\"\" class=\"wp-image-46\" srcset=\"http:\/\/calgaryfirstaid.com\/wp-content\/uploads\/2020\/09\/2017-12-01-14.51.53-768x1024.jpg 768w, http:\/\/calgaryfirstaid.com\/wp-content\/uploads\/2020\/09\/2017-12-01-14.51.53-225x300.jpg 225w, http:\/\/calgaryfirstaid.com\/wp-content\/uploads\/2020\/09\/2017-12-01-14.51.53-1152x1536.jpg 1152w, http:\/\/calgaryfirstaid.com\/wp-content\/uploads\/2020\/09\/2017-12-01-14.51.53-1536x2048.jpg 1536w, http:\/\/calgaryfirstaid.com\/wp-content\/uploads\/2020\/09\/2017-12-01-14.51.53-scaled.jpg 1920w\" sizes=\"(max-width: 768px) 100vw, 768px\" \/><figcaption class=\"wp-element-caption\">Training<\/figcaption><\/figure>\n\n\n\n<figure class=\"wp-block-image size-large\"><img loading=\"lazy\" decoding=\"async\" width=\"1024\" height=\"768\" data-id=\"168\" src=\"http:\/\/calgaryfirstaid.com\/wp-content\/uploads\/2020\/09\/web-7-1024x768.jpg\" alt=\"\" class=\"wp-image-168\" srcset=\"http:\/\/calgaryfirstaid.com\/wp-content\/uploads\/2020\/09\/web-7-1024x768.jpg 1024w, http:\/\/calgaryfirstaid.com\/wp-content\/uploads\/2020\/09\/web-7-300x225.jpg 300w, http:\/\/calgaryfirstaid.com\/wp-content\/uploads\/2020\/09\/web-7-768x576.jpg 768w, http:\/\/calgaryfirstaid.com\/wp-content\/uploads\/2020\/09\/web-7-1536x1152.jpg 1536w, http:\/\/calgaryfirstaid.com\/wp-content\/uploads\/2020\/09\/web-7-2048x1536.jpg 2048w\" sizes=\"(max-width: 1024px) 100vw, 1024px\" \/><figcaption class=\"wp-element-caption\">Medical Coverage<\/figcaption><\/figure>\n\n\n\n<figure class=\"wp-block-image size-large\"><img loading=\"lazy\" decoding=\"async\" width=\"1024\" height=\"917\" data-id=\"164\" src=\"http:\/\/calgaryfirstaid.com\/wp-content\/uploads\/2020\/09\/Web-1a-1024x917.jpg\" alt=\"\" class=\"wp-image-164\" srcset=\"http:\/\/calgaryfirstaid.com\/wp-content\/uploads\/2020\/09\/Web-1a-1024x917.jpg 1024w, http:\/\/calgaryfirstaid.com\/wp-content\/uploads\/2020\/09\/Web-1a-300x269.jpg 300w, http:\/\/calgaryfirstaid.com\/wp-content\/uploads\/2020\/09\/Web-1a-768x688.jpg 768w, http:\/\/calgaryfirstaid.com\/wp-content\/uploads\/2020\/09\/Web-1a-1536x1376.jpg 1536w, http:\/\/calgaryfirstaid.com\/wp-content\/uploads\/2020\/09\/Web-1a-2048x1835.jpg 2048w\" sizes=\"(max-width: 1024px) 100vw, 1024px\" \/><figcaption class=\"wp-element-caption\">Medical Coverage<\/figcaption><\/figure>\n\n\n\n<figure class=\"wp-block-image size-large\"><img loading=\"lazy\" decoding=\"async\" width=\"962\" height=\"1024\" data-id=\"74\" src=\"http:\/\/calgaryfirstaid.com\/wp-content\/uploads\/2020\/09\/20150307_122833-962x1024.jpg\" alt=\"\" class=\"wp-image-74\" srcset=\"http:\/\/calgaryfirstaid.com\/wp-content\/uploads\/2020\/09\/20150307_122833-962x1024.jpg 962w, http:\/\/calgaryfirstaid.com\/wp-content\/uploads\/2020\/09\/20150307_122833-282x300.jpg 282w, http:\/\/calgaryfirstaid.com\/wp-content\/uploads\/2020\/09\/20150307_122833-768x818.jpg 768w, http:\/\/calgaryfirstaid.com\/wp-content\/uploads\/2020\/09\/20150307_122833-1443x1536.jpg 1443w, http:\/\/calgaryfirstaid.com\/wp-content\/uploads\/2020\/09\/20150307_122833-1924x2048.jpg 1924w\" sizes=\"(max-width: 962px) 100vw, 962px\" \/><figcaption class=\"wp-element-caption\">Medical Coverage<\/figcaption><\/figure>\n\n\n\n<figure class=\"wp-block-image size-large\"><img loading=\"lazy\" decoding=\"async\" width=\"1024\" height=\"768\" data-id=\"167\" src=\"http:\/\/calgaryfirstaid.com\/wp-content\/uploads\/2020\/09\/web-6-1024x768.jpg\" alt=\"\" class=\"wp-image-167\" srcset=\"http:\/\/calgaryfirstaid.com\/wp-content\/uploads\/2020\/09\/web-6-1024x768.jpg 1024w, http:\/\/calgaryfirstaid.com\/wp-content\/uploads\/2020\/09\/web-6-300x225.jpg 300w, http:\/\/calgaryfirstaid.com\/wp-content\/uploads\/2020\/09\/web-6-768x576.jpg 768w, http:\/\/calgaryfirstaid.com\/wp-content\/uploads\/2020\/09\/web-6-1536x1152.jpg 1536w, http:\/\/calgaryfirstaid.com\/wp-content\/uploads\/2020\/09\/web-6-2048x1536.jpg 2048w\" sizes=\"(max-width: 1024px) 100vw, 1024px\" \/><figcaption class=\"wp-element-caption\">Medical Coverage<\/figcaption><\/figure>\n\n\n\n<figure class=\"wp-block-image size-large\"><img loading=\"lazy\" decoding=\"async\" width=\"1024\" height=\"576\" data-id=\"35\" src=\"http:\/\/calgaryfirstaid.com\/wp-content\/uploads\/2020\/09\/2017-08-07-09.01.47-1024x576.jpg\" alt=\"\" class=\"wp-image-35\" srcset=\"http:\/\/calgaryfirstaid.com\/wp-content\/uploads\/2020\/09\/2017-08-07-09.01.47-1024x576.jpg 1024w, http:\/\/calgaryfirstaid.com\/wp-content\/uploads\/2020\/09\/2017-08-07-09.01.47-300x169.jpg 300w, http:\/\/calgaryfirstaid.com\/wp-content\/uploads\/2020\/09\/2017-08-07-09.01.47-768x432.jpg 768w, http:\/\/calgaryfirstaid.com\/wp-content\/uploads\/2020\/09\/2017-08-07-09.01.47-1536x864.jpg 1536w, http:\/\/calgaryfirstaid.com\/wp-content\/uploads\/2020\/09\/2017-08-07-09.01.47-2048x1152.jpg 2048w\" sizes=\"(max-width: 1024px) 100vw, 1024px\" \/><figcaption class=\"wp-element-caption\">Community Outreach<\/figcaption><\/figure>\n<\/figure>\n\n\n\n<p>A Proud division of the 6 Stars Group of Companies<\/p>\n\n\n\n<p>For more information on our services and company, please click on the logo below to see our website.<\/p>\n\n\n\n<figure class=\"wp-block-image size-medium\"><a href=\"http:\/\/6starsgroup.com\/\"><img loading=\"lazy\" decoding=\"async\" width=\"300\" height=\"247\" src=\"http:\/\/calgaryfirstaid.com\/wp-content\/uploads\/2021\/07\/6-Stars-Logo-with-Motto-300x247.png\" alt=\"\" class=\"wp-image-220\" srcset=\"http:\/\/calgaryfirstaid.com\/wp-content\/uploads\/2021\/07\/6-Stars-Logo-with-Motto-300x247.png 300w, http:\/\/calgaryfirstaid.com\/wp-content\/uploads\/2021\/07\/6-Stars-Logo-with-Motto.png 571w\" sizes=\"(max-width: 300px) 100vw, 300px\" \/><\/a><\/figure>\n\n\n\n<p>In the spirit of respect, reciprocity and truth, we honour and acknowledge Moh\u2019kinsstis, and the traditional Treaty 7 territory and oral practices of the Blackfoot confederacy: Siksika, Kainai, Piikani, Stoney Nakoda Nations: Chiniki, Bearspaw, Goodstoney and Tsuut\u2019ina Nation. We acknowledge that this territory is home to the Otipemisiwak M\u00e9tis Government of the M\u00e9tis Nation, Calgary Nose Hill M\u00e9tis District and Calgary Elbow M\u00e9tis District. Finally, we acknowledge all Nations \u2013 Indigenous and non \u2013 who live, work and play on this land, and who honour and celebrate this territory.<br>This sacred gathering place provides us with an opportunity to engage in and demonstrate leadership on reconciliation. Thank you for your enthusiasm and commitment to join 6 Stars Group on the lands of Treaty 7 territory. We stand with each other to speak out against racism and inequality.<\/p>\n\n\n\n<figure class=\"wp-block-image size-full\"><img loading=\"lazy\" decoding=\"async\" width=\"501\" height=\"765\" src=\"http:\/\/calgaryfirstaid.com\/wp-content\/uploads\/2025\/12\/Indigenous-AB-Map.png\" alt=\"\" class=\"wp-image-330\" srcset=\"http:\/\/calgaryfirstaid.com\/wp-content\/uploads\/2025\/12\/Indigenous-AB-Map.png 501w, http:\/\/calgaryfirstaid.com\/wp-content\/uploads\/2025\/12\/Indigenous-AB-Map-196x300.png 196w\" sizes=\"(max-width: 501px) 100vw, 501px\" \/><\/figure>\n","protected":false},"excerpt":{"rendered":"<p>Our goal is to provide first aid and safety training for our clients striving for better student performance by creating an engaged education experience since 2010.&nbsp; With training being the core our business, we also have expanded into first aid supplies sales, AED sales and servicing, first aid and medical coverage at events in the [&hellip;]<\/p>\n","protected":false},"author":1,"featured_media":0,"parent":0,"menu_order":0,"comment_status":"closed","ping_status":"closed","template":"","meta":{"footnotes":""},"_links":{"self":[{"href":"http:\/\/calgaryfirstaid.com\/index.php?rest_route=\/wp\/v2\/pages\/15"}],"collection":[{"href":"http:\/\/calgaryfirstaid.com\/index.php?rest_route=\/wp\/v2\/pages"}],"about":[{"href":"http:\/\/calgaryfirstaid.com\/index.php?rest_route=\/wp\/v2\/types\/page"}],"author":[{"embeddable":true,"href":"http:\/\/calgaryfirstaid.com\/index.php?rest_route=\/wp\/v2\/users\/1"}],"replies":[{"embeddable":true,"href":"http:\/\/calgaryfirstaid.com\/index.php?rest_route=%2Fwp%2Fv2%2Fcomments&post=15"}],"version-history":[{"count":26,"href":"http:\/\/calgaryfirstaid.com\/index.php?rest_route=\/wp\/v2\/pages\/15\/revisions"}],"predecessor-version":[{"id":336,"href":"http:\/\/calgaryfirstaid.com\/index.php?rest_route=\/wp\/v2\/pages\/15\/revisions\/336"}],"wp:attachment":[{"href":"http:\/\/calgaryfirstaid.com\/index.php?rest_route=%2Fwp%2Fv2%2Fmedia&parent=15"}],"curies":[{"name":"wp","href":"https:\/\/api.w.org\/{rel}","templated":true}]}}